{"id":600,"date":"2020-12-02T09:22:41","date_gmt":"2020-12-02T12:22:41","guid":{"rendered":"http:\/\/www.colmeia.com.br\/?page_id=600"},"modified":"2025-03-26T08:26:53","modified_gmt":"2025-03-26T11:26:53","slug":"portfolio","status":"publish","type":"page","link":"https:\/\/www.colmeia.com.br\/natal\/portfolio\/","title":{"rendered":"Portf\u00f3lio"},"content":{"rendered":"<p>H\u00e1 45 anos construindo sonhos e partilhando realiza\u00e7\u00f5es em Fortaleza, Manaus, S\u00e3o Paulo e Natal.<\/p>\n","protected":false},"excerpt":{"rendered":"<p>H\u00e1 45 anos construindo sonhos e partilhando realiza\u00e7\u00f5es em Fortaleza, Manaus, S\u00e3o Paulo e Natal.<\/p>\n","protected":false},"author":1,"featured_media":606,"parent":0,"menu_order":0,"comment_status":"closed","ping_status":"closed","template":"","meta":[],"yoast_head":"<!-- This site is optimized with the Yoast SEO plugin v15.6.2 - https:\/\/yoast.com\/wordpress\/plugins\/seo\/ -->\n<title>Portf\u00f3lio - Colmeia - Natal<\/title>\n<meta name=\"robots\" content=\"index, follow, max-snippet:-1, max-image-preview:large, max-video-preview:-1\" \/>\n<link rel=\"canonical\" href=\"https:\/\/www.colmeia.com.br\/natal\/portfolio\/\" \/>\n<meta property=\"og:locale\" content=\"pt_BR\" \/>\n<meta property=\"og:type\" content=\"article\" \/>\n<meta property=\"og:title\" content=\"Portf\u00f3lio - Colmeia - Natal\" \/>\n<meta property=\"og:description\" content=\"H\u00e1 45 anos construindo sonhos e partilhando realiza\u00e7\u00f5es em Fortaleza, Manaus, S\u00e3o Paulo e Natal.\" \/>\n<meta property=\"og:url\" content=\"https:\/\/www.colmeia.com.br\/natal\/portfolio\/\" \/>\n<meta property=\"og:site_name\" content=\"Colmeia - Natal\" \/>\n<meta property=\"article:modified_time\" content=\"2025-03-26T11:26:53+00:00\" \/>\n<meta property=\"og:image\" content=\"https:\/\/www.colmeia.com.br\/natal\/wp-content\/uploads\/sites\/4\/2020\/12\/portfolio-banner.png\" \/>\n\t<meta property=\"og:image:width\" content=\"1920\" \/>\n\t<meta property=\"og:image:height\" content=\"863\" \/>\n<meta name=\"twitter:card\" content=\"summary_large_image\" \/>\n<meta name=\"twitter:label1\" content=\"Est. reading time\">\n\t<meta name=\"twitter:data1\" content=\"1 minuto\">\n<script type=\"application\/ld+json\" class=\"yoast-schema-graph\">{\"@context\":\"https:\/\/schema.org\",\"@graph\":[{\"@type\":\"WebSite\",\"@id\":\"https:\/\/www.colmeia.com.br\/natal\/#website\",\"url\":\"https:\/\/www.colmeia.com.br\/natal\/\",\"name\":\"Colmeia - Natal\",\"description\":\"S\\u00f3 mais um site Colmeia - Cidades\",\"potentialAction\":[{\"@type\":\"SearchAction\",\"target\":\"https:\/\/www.colmeia.com.br\/natal\/?s={search_term_string}\",\"query-input\":\"required name=search_term_string\"}],\"inLanguage\":\"pt-BR\"},{\"@type\":\"ImageObject\",\"@id\":\"https:\/\/www.colmeia.com.br\/natal\/portfolio\/#primaryimage\",\"inLanguage\":\"pt-BR\",\"url\":\"https:\/\/www.colmeia.com.br\/natal\/wp-content\/uploads\/sites\/4\/2020\/12\/portfolio-banner.png\",\"width\":1920,\"height\":863},{\"@type\":\"WebPage\",\"@id\":\"https:\/\/www.colmeia.com.br\/natal\/portfolio\/#webpage\",\"url\":\"https:\/\/www.colmeia.com.br\/natal\/portfolio\/\",\"name\":\"Portf\\u00f3lio - Colmeia - Natal\",\"isPartOf\":{\"@id\":\"https:\/\/www.colmeia.com.br\/natal\/#website\"},\"primaryImageOfPage\":{\"@id\":\"https:\/\/www.colmeia.com.br\/natal\/portfolio\/#primaryimage\"},\"datePublished\":\"2020-12-02T12:22:41+00:00\",\"dateModified\":\"2025-03-26T11:26:53+00:00\",\"inLanguage\":\"pt-BR\",\"potentialAction\":[{\"@type\":\"ReadAction\",\"target\":[\"https:\/\/www.colmeia.com.br\/natal\/portfolio\/\"]}]}]}<\/script>\n<!-- \/ Yoast SEO plugin. -->","_links":{"self":[{"href":"https:\/\/www.colmeia.com.br\/natal\/wp-json\/wp\/v2\/pages\/600"}],"collection":[{"href":"https:\/\/www.colmeia.com.br\/natal\/wp-json\/wp\/v2\/pages"}],"about":[{"href":"https:\/\/www.colmeia.com.br\/natal\/wp-json\/wp\/v2\/types\/page"}],"author":[{"embeddable":true,"href":"https:\/\/www.colmeia.com.br\/natal\/wp-json\/wp\/v2\/users\/1"}],"replies":[{"embeddable":true,"href":"https:\/\/www.colmeia.com.br\/natal\/wp-json\/wp\/v2\/comments?post=600"}],"version-history":[{"count":1,"href":"https:\/\/www.colmeia.com.br\/natal\/wp-json\/wp\/v2\/pages\/600\/revisions"}],"predecessor-version":[{"id":2163,"href":"https:\/\/www.colmeia.com.br\/natal\/wp-json\/wp\/v2\/pages\/600\/revisions\/2163"}],"wp:featuredmedia":[{"embeddable":true,"href":"https:\/\/www.colmeia.com.br\/natal\/wp-json\/wp\/v2\/media\/606"}],"wp:attachment":[{"href":"https:\/\/www.colmeia.com.br\/natal\/wp-json\/wp\/v2\/media?parent=600"}],"curies":[{"name":"wp","href":"https:\/\/api.w.org\/{rel}","templated":true}]}}